{"id":24388,"date":"2023-07-06T12:23:46","date_gmt":"2023-07-06T12:23:46","guid":{"rendered":"http:\/\/drillster.com\/design-principle-7-alternate-question-styles-and-answer-styles\/"},"modified":"2024-01-04T09:51:27","modified_gmt":"2024-01-04T09:51:27","slug":"principe-de-conception-n-7-alterner-les-styles-de-questions-et-de-reponses","status":"publish","type":"page","link":"https:\/\/drillster.com\/fr\/principe-de-conception-n-7-alterner-les-styles-de-questions-et-de-reponses\/","title":{"rendered":"Principe de conception n\u00b0 7 : Alterner les styles de questions et de r\u00e9ponses"},"content":{"rendered":"","protected":false},"excerpt":{"rendered":"","protected":false},"author":1,"featured_media":40442,"parent":0,"menu_order":0,"comment_status":"closed","ping_status":"closed","template":"","meta":{"inline_featured_image":false,"footnotes":""},"class_list":["post-24388","page","type-page","status-publish","has-post-thumbnail","hentry"],"yoast_head":"<!-- This site is optimized with the Yoast SEO plugin v24.8.1 - https:\/\/yoast.com\/wordpress\/plugins\/seo\/ -->\n<title>Principe de conception n\u00b0 7 : Alterner les styles de questions et de r\u00e9ponses - Drillster<\/title>\n<meta name=\"description\" content=\"Utilisez diff\u00e9rents styles de questions et de r\u00e9ponses, des questions ouvertes, \u00e0 choix multiple, \u00e0 zones interactives et \u00e0 ordonner.\" \/>\n<meta name=\"robots\" content=\"index, follow, max-snippet:-1, max-image-preview:large, max-video-preview:-1\" \/>\n<link rel=\"canonical\" href=\"https:\/\/drillster.com\/fr\/principe-de-conception-n-7-alterner-les-styles-de-questions-et-de-reponses\/\" \/>\n<meta property=\"og:locale\" content=\"fr_FR\" \/>\n<meta property=\"og:type\" content=\"article\" \/>\n<meta property=\"og:title\" content=\"Principe de conception n\u00b0 7 : Alterner les styles de questions et de r\u00e9ponses - Drillster\" \/>\n<meta property=\"og:description\" content=\"Utilisez diff\u00e9rents styles de questions et de r\u00e9ponses, des questions ouvertes, \u00e0 choix multiple, \u00e0 zones interactives et \u00e0 ordonner.\" \/>\n<meta property=\"og:url\" content=\"https:\/\/drillster.com\/fr\/principe-de-conception-n-7-alterner-les-styles-de-questions-et-de-reponses\/\" \/>\n<meta property=\"og:site_name\" content=\"Drillster\" \/>\n<meta property=\"article:modified_time\" content=\"2024-01-04T09:51:27+00:00\" \/>\n<meta property=\"og:image\" content=\"https:\/\/drillster.com\/wp-content\/uploads\/2023\/07\/drillster-320.png\" \/>\n\t<meta property=\"og:image:width\" content=\"1080\" \/>\n\t<meta property=\"og:image:height\" content=\"1080\" \/>\n\t<meta property=\"og:image:type\" content=\"image\/png\" \/>\n<meta name=\"twitter:card\" content=\"summary_large_image\" \/>\n<meta name=\"twitter:label1\" content=\"Dur\u00e9e de lecture estim\u00e9e\" \/>\n\t<meta name=\"twitter:data1\" content=\"1 minute\" \/>\n<script type=\"application\/ld+json\" class=\"yoast-schema-graph\">{\"@context\":\"https:\/\/schema.org\",\"@graph\":[{\"@type\":\"WebPage\",\"@id\":\"https:\/\/drillster.com\/fr\/principe-de-conception-n-7-alterner-les-styles-de-questions-et-de-reponses\/\",\"url\":\"https:\/\/drillster.com\/fr\/principe-de-conception-n-7-alterner-les-styles-de-questions-et-de-reponses\/\",\"name\":\"Principe de conception n\u00b0 7 : Alterner les styles de questions et de r\u00e9ponses - Drillster\",\"isPartOf\":{\"@id\":\"https:\/\/drillster.com\/#website\"},\"primaryImageOfPage\":{\"@id\":\"https:\/\/drillster.com\/fr\/principe-de-conception-n-7-alterner-les-styles-de-questions-et-de-reponses\/#primaryimage\"},\"image\":{\"@id\":\"https:\/\/drillster.com\/fr\/principe-de-conception-n-7-alterner-les-styles-de-questions-et-de-reponses\/#primaryimage\"},\"thumbnailUrl\":\"https:\/\/drillster.com\/wp-content\/uploads\/2023\/07\/drillster-217.png\",\"datePublished\":\"2023-07-06T12:23:46+00:00\",\"dateModified\":\"2024-01-04T09:51:27+00:00\",\"description\":\"Utilisez diff\u00e9rents styles de questions et de r\u00e9ponses, des questions ouvertes, \u00e0 choix multiple, \u00e0 zones interactives et \u00e0 ordonner.\",\"breadcrumb\":{\"@id\":\"https:\/\/drillster.com\/fr\/principe-de-conception-n-7-alterner-les-styles-de-questions-et-de-reponses\/#breadcrumb\"},\"inLanguage\":\"fr-FR\",\"potentialAction\":[{\"@type\":\"ReadAction\",\"target\":[\"https:\/\/drillster.com\/fr\/principe-de-conception-n-7-alterner-les-styles-de-questions-et-de-reponses\/\"]}]},{\"@type\":\"ImageObject\",\"inLanguage\":\"fr-FR\",\"@id\":\"https:\/\/drillster.com\/fr\/principe-de-conception-n-7-alterner-les-styles-de-questions-et-de-reponses\/#primaryimage\",\"url\":\"https:\/\/drillster.com\/wp-content\/uploads\/2023\/07\/drillster-217.png\",\"contentUrl\":\"https:\/\/drillster.com\/wp-content\/uploads\/2023\/07\/drillster-217.png\",\"width\":1080,\"height\":1080},{\"@type\":\"BreadcrumbList\",\"@id\":\"https:\/\/drillster.com\/fr\/principe-de-conception-n-7-alterner-les-styles-de-questions-et-de-reponses\/#breadcrumb\",\"itemListElement\":[{\"@type\":\"ListItem\",\"position\":1,\"name\":\"Home\",\"item\":\"https:\/\/drillster.com\/fr\/\"},{\"@type\":\"ListItem\",\"position\":2,\"name\":\"Principe de conception n\u00b0 7 : Alterner les styles de questions et de r\u00e9ponses\"}]},{\"@type\":\"WebSite\",\"@id\":\"https:\/\/drillster.com\/#website\",\"url\":\"https:\/\/drillster.com\/\",\"name\":\"Drillster\",\"description\":\"\",\"potentialAction\":[{\"@type\":\"SearchAction\",\"target\":{\"@type\":\"EntryPoint\",\"urlTemplate\":\"https:\/\/drillster.com\/?s={search_term_string}\"},\"query-input\":{\"@type\":\"PropertyValueSpecification\",\"valueRequired\":true,\"valueName\":\"search_term_string\"}}],\"inLanguage\":\"fr-FR\"}]}<\/script>\n<!-- \/ Yoast SEO plugin. -->","yoast_head_json":{"title":"Principe de conception n\u00b0 7 : Alterner les styles de questions et de r\u00e9ponses - Drillster","description":"Utilisez diff\u00e9rents styles de questions et de r\u00e9ponses, des questions ouvertes, \u00e0 choix multiple, \u00e0 zones interactives et \u00e0 ordonner.","robots":{"index":"index","follow":"follow","max-snippet":"max-snippet:-1","max-image-preview":"max-image-preview:large","max-video-preview":"max-video-preview:-1"},"canonical":"https:\/\/drillster.com\/fr\/principe-de-conception-n-7-alterner-les-styles-de-questions-et-de-reponses\/","og_locale":"fr_FR","og_type":"article","og_title":"Principe de conception n\u00b0 7 : Alterner les styles de questions et de r\u00e9ponses - Drillster","og_description":"Utilisez diff\u00e9rents styles de questions et de r\u00e9ponses, des questions ouvertes, \u00e0 choix multiple, \u00e0 zones interactives et \u00e0 ordonner.","og_url":"https:\/\/drillster.com\/fr\/principe-de-conception-n-7-alterner-les-styles-de-questions-et-de-reponses\/","og_site_name":"Drillster","article_modified_time":"2024-01-04T09:51:27+00:00","og_image":[{"width":1080,"height":1080,"url":"https:\/\/drillster.com\/wp-content\/uploads\/2023\/07\/drillster-320.png","type":"image\/png"}],"twitter_card":"summary_large_image","twitter_misc":{"Dur\u00e9e de lecture estim\u00e9e":"1 minute"},"schema":{"@context":"https:\/\/schema.org","@graph":[{"@type":"WebPage","@id":"https:\/\/drillster.com\/fr\/principe-de-conception-n-7-alterner-les-styles-de-questions-et-de-reponses\/","url":"https:\/\/drillster.com\/fr\/principe-de-conception-n-7-alterner-les-styles-de-questions-et-de-reponses\/","name":"Principe de conception n\u00b0 7 : Alterner les styles de questions et de r\u00e9ponses - Drillster","isPartOf":{"@id":"https:\/\/drillster.com\/#website"},"primaryImageOfPage":{"@id":"https:\/\/drillster.com\/fr\/principe-de-conception-n-7-alterner-les-styles-de-questions-et-de-reponses\/#primaryimage"},"image":{"@id":"https:\/\/drillster.com\/fr\/principe-de-conception-n-7-alterner-les-styles-de-questions-et-de-reponses\/#primaryimage"},"thumbnailUrl":"https:\/\/drillster.com\/wp-content\/uploads\/2023\/07\/drillster-217.png","datePublished":"2023-07-06T12:23:46+00:00","dateModified":"2024-01-04T09:51:27+00:00","description":"Utilisez diff\u00e9rents styles de questions et de r\u00e9ponses, des questions ouvertes, \u00e0 choix multiple, \u00e0 zones interactives et \u00e0 ordonner.","breadcrumb":{"@id":"https:\/\/drillster.com\/fr\/principe-de-conception-n-7-alterner-les-styles-de-questions-et-de-reponses\/#breadcrumb"},"inLanguage":"fr-FR","potentialAction":[{"@type":"ReadAction","target":["https:\/\/drillster.com\/fr\/principe-de-conception-n-7-alterner-les-styles-de-questions-et-de-reponses\/"]}]},{"@type":"ImageObject","inLanguage":"fr-FR","@id":"https:\/\/drillster.com\/fr\/principe-de-conception-n-7-alterner-les-styles-de-questions-et-de-reponses\/#primaryimage","url":"https:\/\/drillster.com\/wp-content\/uploads\/2023\/07\/drillster-217.png","contentUrl":"https:\/\/drillster.com\/wp-content\/uploads\/2023\/07\/drillster-217.png","width":1080,"height":1080},{"@type":"BreadcrumbList","@id":"https:\/\/drillster.com\/fr\/principe-de-conception-n-7-alterner-les-styles-de-questions-et-de-reponses\/#breadcrumb","itemListElement":[{"@type":"ListItem","position":1,"name":"Home","item":"https:\/\/drillster.com\/fr\/"},{"@type":"ListItem","position":2,"name":"Principe de conception n\u00b0 7 : Alterner les styles de questions et de r\u00e9ponses"}]},{"@type":"WebSite","@id":"https:\/\/drillster.com\/#website","url":"https:\/\/drillster.com\/","name":"Drillster","description":"","potentialAction":[{"@type":"SearchAction","target":{"@type":"EntryPoint","urlTemplate":"https:\/\/drillster.com\/?s={search_term_string}"},"query-input":{"@type":"PropertyValueSpecification","valueRequired":true,"valueName":"search_term_string"}}],"inLanguage":"fr-FR"}]}},"acf":[],"_links":{"self":[{"href":"https:\/\/drillster.com\/fr\/wp-json\/wp\/v2\/pages\/24388","targetHints":{"allow":["GET"]}}],"collection":[{"href":"https:\/\/drillster.com\/fr\/wp-json\/wp\/v2\/pages"}],"about":[{"href":"https:\/\/drillster.com\/fr\/wp-json\/wp\/v2\/types\/page"}],"author":[{"embeddable":true,"href":"https:\/\/drillster.com\/fr\/wp-json\/wp\/v2\/users\/1"}],"replies":[{"embeddable":true,"href":"https:\/\/drillster.com\/fr\/wp-json\/wp\/v2\/comments?post=24388"}],"version-history":[{"count":12,"href":"https:\/\/drillster.com\/fr\/wp-json\/wp\/v2\/pages\/24388\/revisions"}],"predecessor-version":[{"id":44049,"href":"https:\/\/drillster.com\/fr\/wp-json\/wp\/v2\/pages\/24388\/revisions\/44049"}],"wp:featuredmedia":[{"embeddable":true,"href":"https:\/\/drillster.com\/fr\/wp-json\/wp\/v2\/media\/40442"}],"wp:attachment":[{"href":"https:\/\/drillster.com\/fr\/wp-json\/wp\/v2\/media?parent=24388"}],"curies":[{"name":"wp","href":"https:\/\/api.w.org\/{rel}","templated":true}]}}