{"id":23924,"date":"2023-07-06T12:01:17","date_gmt":"2023-07-06T12:01:17","guid":{"rendered":"http:\/\/drillster.com\/design-principle-5-incorporate-the-information-to-remember-into-the-answer\/"},"modified":"2023-12-15T11:43:07","modified_gmt":"2023-12-15T11:43:07","slug":"principio-de-diseno-5-anade-la-informacion-importante-en-las-respuestas","status":"publish","type":"page","link":"https:\/\/drillster.com\/es\/principio-de-diseno-5-anade-la-informacion-importante-en-las-respuestas\/","title":{"rendered":"Principio de dise\u00f1o 5: a\u00f1ade la informaci\u00f3n importante en las respuestas"},"content":{"rendered":"","protected":false},"excerpt":{"rendered":"","protected":false},"author":1,"featured_media":40195,"parent":0,"menu_order":0,"comment_status":"closed","ping_status":"closed","template":"","meta":{"inline_featured_image":false,"footnotes":""},"class_list":["post-23924","page","type-page","status-publish","has-post-thumbnail","hentry"],"yoast_head":"<!-- This site is optimized with the Yoast SEO plugin v24.8.1 - https:\/\/yoast.com\/wordpress\/plugins\/seo\/ -->\n<title>Principio de dise\u00f1o 5: a\u00f1ade la informaci\u00f3n importante en las respuestas - Drillster<\/title>\n<meta name=\"description\" content=\"Los drills se basan en la evaluaci\u00f3n: se aprende respondiendo a preguntas y recordando el feedback asociado.\" \/>\n<meta name=\"robots\" content=\"index, follow, max-snippet:-1, max-image-preview:large, max-video-preview:-1\" \/>\n<link rel=\"canonical\" href=\"https:\/\/drillster.com\/es\/principio-de-diseno-5-anade-la-informacion-importante-en-las-respuestas\/\" \/>\n<meta property=\"og:locale\" content=\"es_ES\" \/>\n<meta property=\"og:type\" content=\"article\" \/>\n<meta property=\"og:title\" content=\"Principio de dise\u00f1o 5: a\u00f1ade la informaci\u00f3n importante en las respuestas - Drillster\" \/>\n<meta property=\"og:description\" content=\"Los drills se basan en la evaluaci\u00f3n: se aprende respondiendo a preguntas y recordando el feedback asociado.\" \/>\n<meta property=\"og:url\" content=\"https:\/\/drillster.com\/es\/principio-de-diseno-5-anade-la-informacion-importante-en-las-respuestas\/\" \/>\n<meta property=\"og:site_name\" content=\"Drillster\" \/>\n<meta property=\"article:modified_time\" content=\"2023-12-15T11:43:07+00:00\" \/>\n<meta property=\"og:image\" content=\"https:\/\/drillster.com\/wp-content\/uploads\/2023\/07\/drillster-270.png\" \/>\n\t<meta property=\"og:image:width\" content=\"1080\" \/>\n\t<meta property=\"og:image:height\" content=\"1080\" \/>\n\t<meta property=\"og:image:type\" content=\"image\/png\" \/>\n<meta name=\"twitter:card\" content=\"summary_large_image\" \/>\n<meta name=\"twitter:label1\" content=\"Tiempo de lectura\" \/>\n\t<meta name=\"twitter:data1\" content=\"1 minuto\" \/>\n<script type=\"application\/ld+json\" class=\"yoast-schema-graph\">{\"@context\":\"https:\/\/schema.org\",\"@graph\":[{\"@type\":\"WebPage\",\"@id\":\"https:\/\/drillster.com\/es\/principio-de-diseno-5-anade-la-informacion-importante-en-las-respuestas\/\",\"url\":\"https:\/\/drillster.com\/es\/principio-de-diseno-5-anade-la-informacion-importante-en-las-respuestas\/\",\"name\":\"Principio de dise\u00f1o 5: a\u00f1ade la informaci\u00f3n importante en las respuestas - Drillster\",\"isPartOf\":{\"@id\":\"https:\/\/drillster.com\/#website\"},\"primaryImageOfPage\":{\"@id\":\"https:\/\/drillster.com\/es\/principio-de-diseno-5-anade-la-informacion-importante-en-las-respuestas\/#primaryimage\"},\"image\":{\"@id\":\"https:\/\/drillster.com\/es\/principio-de-diseno-5-anade-la-informacion-importante-en-las-respuestas\/#primaryimage\"},\"thumbnailUrl\":\"https:\/\/drillster.com\/wp-content\/uploads\/2020\/10\/Drill-Design-Principle-5.png\",\"datePublished\":\"2023-07-06T12:01:17+00:00\",\"dateModified\":\"2023-12-15T11:43:07+00:00\",\"description\":\"Los drills se basan en la evaluaci\u00f3n: se aprende respondiendo a preguntas y recordando el feedback asociado.\",\"breadcrumb\":{\"@id\":\"https:\/\/drillster.com\/es\/principio-de-diseno-5-anade-la-informacion-importante-en-las-respuestas\/#breadcrumb\"},\"inLanguage\":\"es\",\"potentialAction\":[{\"@type\":\"ReadAction\",\"target\":[\"https:\/\/drillster.com\/es\/principio-de-diseno-5-anade-la-informacion-importante-en-las-respuestas\/\"]}]},{\"@type\":\"ImageObject\",\"inLanguage\":\"es\",\"@id\":\"https:\/\/drillster.com\/es\/principio-de-diseno-5-anade-la-informacion-importante-en-las-respuestas\/#primaryimage\",\"url\":\"https:\/\/drillster.com\/wp-content\/uploads\/2020\/10\/Drill-Design-Principle-5.png\",\"contentUrl\":\"https:\/\/drillster.com\/wp-content\/uploads\/2020\/10\/Drill-Design-Principle-5.png\",\"width\":1080,\"height\":1080},{\"@type\":\"BreadcrumbList\",\"@id\":\"https:\/\/drillster.com\/es\/principio-de-diseno-5-anade-la-informacion-importante-en-las-respuestas\/#breadcrumb\",\"itemListElement\":[{\"@type\":\"ListItem\",\"position\":1,\"name\":\"Home\",\"item\":\"https:\/\/drillster.com\/es\/\"},{\"@type\":\"ListItem\",\"position\":2,\"name\":\"Principio de dise\u00f1o 5: a\u00f1ade la informaci\u00f3n importante en las respuestas\"}]},{\"@type\":\"WebSite\",\"@id\":\"https:\/\/drillster.com\/#website\",\"url\":\"https:\/\/drillster.com\/\",\"name\":\"Drillster\",\"description\":\"\",\"potentialAction\":[{\"@type\":\"SearchAction\",\"target\":{\"@type\":\"EntryPoint\",\"urlTemplate\":\"https:\/\/drillster.com\/?s={search_term_string}\"},\"query-input\":{\"@type\":\"PropertyValueSpecification\",\"valueRequired\":true,\"valueName\":\"search_term_string\"}}],\"inLanguage\":\"es\"}]}<\/script>\n<!-- \/ Yoast SEO plugin. -->","yoast_head_json":{"title":"Principio de dise\u00f1o 5: a\u00f1ade la informaci\u00f3n importante en las respuestas - Drillster","description":"Los drills se basan en la evaluaci\u00f3n: se aprende respondiendo a preguntas y recordando el feedback asociado.","robots":{"index":"index","follow":"follow","max-snippet":"max-snippet:-1","max-image-preview":"max-image-preview:large","max-video-preview":"max-video-preview:-1"},"canonical":"https:\/\/drillster.com\/es\/principio-de-diseno-5-anade-la-informacion-importante-en-las-respuestas\/","og_locale":"es_ES","og_type":"article","og_title":"Principio de dise\u00f1o 5: a\u00f1ade la informaci\u00f3n importante en las respuestas - Drillster","og_description":"Los drills se basan en la evaluaci\u00f3n: se aprende respondiendo a preguntas y recordando el feedback asociado.","og_url":"https:\/\/drillster.com\/es\/principio-de-diseno-5-anade-la-informacion-importante-en-las-respuestas\/","og_site_name":"Drillster","article_modified_time":"2023-12-15T11:43:07+00:00","og_image":[{"width":1080,"height":1080,"url":"https:\/\/drillster.com\/wp-content\/uploads\/2023\/07\/drillster-270.png","type":"image\/png"}],"twitter_card":"summary_large_image","twitter_misc":{"Tiempo de lectura":"1 minuto"},"schema":{"@context":"https:\/\/schema.org","@graph":[{"@type":"WebPage","@id":"https:\/\/drillster.com\/es\/principio-de-diseno-5-anade-la-informacion-importante-en-las-respuestas\/","url":"https:\/\/drillster.com\/es\/principio-de-diseno-5-anade-la-informacion-importante-en-las-respuestas\/","name":"Principio de dise\u00f1o 5: a\u00f1ade la informaci\u00f3n importante en las respuestas - Drillster","isPartOf":{"@id":"https:\/\/drillster.com\/#website"},"primaryImageOfPage":{"@id":"https:\/\/drillster.com\/es\/principio-de-diseno-5-anade-la-informacion-importante-en-las-respuestas\/#primaryimage"},"image":{"@id":"https:\/\/drillster.com\/es\/principio-de-diseno-5-anade-la-informacion-importante-en-las-respuestas\/#primaryimage"},"thumbnailUrl":"https:\/\/drillster.com\/wp-content\/uploads\/2020\/10\/Drill-Design-Principle-5.png","datePublished":"2023-07-06T12:01:17+00:00","dateModified":"2023-12-15T11:43:07+00:00","description":"Los drills se basan en la evaluaci\u00f3n: se aprende respondiendo a preguntas y recordando el feedback asociado.","breadcrumb":{"@id":"https:\/\/drillster.com\/es\/principio-de-diseno-5-anade-la-informacion-importante-en-las-respuestas\/#breadcrumb"},"inLanguage":"es","potentialAction":[{"@type":"ReadAction","target":["https:\/\/drillster.com\/es\/principio-de-diseno-5-anade-la-informacion-importante-en-las-respuestas\/"]}]},{"@type":"ImageObject","inLanguage":"es","@id":"https:\/\/drillster.com\/es\/principio-de-diseno-5-anade-la-informacion-importante-en-las-respuestas\/#primaryimage","url":"https:\/\/drillster.com\/wp-content\/uploads\/2020\/10\/Drill-Design-Principle-5.png","contentUrl":"https:\/\/drillster.com\/wp-content\/uploads\/2020\/10\/Drill-Design-Principle-5.png","width":1080,"height":1080},{"@type":"BreadcrumbList","@id":"https:\/\/drillster.com\/es\/principio-de-diseno-5-anade-la-informacion-importante-en-las-respuestas\/#breadcrumb","itemListElement":[{"@type":"ListItem","position":1,"name":"Home","item":"https:\/\/drillster.com\/es\/"},{"@type":"ListItem","position":2,"name":"Principio de dise\u00f1o 5: a\u00f1ade la informaci\u00f3n importante en las respuestas"}]},{"@type":"WebSite","@id":"https:\/\/drillster.com\/#website","url":"https:\/\/drillster.com\/","name":"Drillster","description":"","potentialAction":[{"@type":"SearchAction","target":{"@type":"EntryPoint","urlTemplate":"https:\/\/drillster.com\/?s={search_term_string}"},"query-input":{"@type":"PropertyValueSpecification","valueRequired":true,"valueName":"search_term_string"}}],"inLanguage":"es"}]}},"acf":[],"_links":{"self":[{"href":"https:\/\/drillster.com\/es\/wp-json\/wp\/v2\/pages\/23924","targetHints":{"allow":["GET"]}}],"collection":[{"href":"https:\/\/drillster.com\/es\/wp-json\/wp\/v2\/pages"}],"about":[{"href":"https:\/\/drillster.com\/es\/wp-json\/wp\/v2\/types\/page"}],"author":[{"embeddable":true,"href":"https:\/\/drillster.com\/es\/wp-json\/wp\/v2\/users\/1"}],"replies":[{"embeddable":true,"href":"https:\/\/drillster.com\/es\/wp-json\/wp\/v2\/comments?post=23924"}],"version-history":[{"count":22,"href":"https:\/\/drillster.com\/es\/wp-json\/wp\/v2\/pages\/23924\/revisions"}],"predecessor-version":[{"id":43917,"href":"https:\/\/drillster.com\/es\/wp-json\/wp\/v2\/pages\/23924\/revisions\/43917"}],"wp:featuredmedia":[{"embeddable":true,"href":"https:\/\/drillster.com\/es\/wp-json\/wp\/v2\/media\/40195"}],"wp:attachment":[{"href":"https:\/\/drillster.com\/es\/wp-json\/wp\/v2\/media?parent=23924"}],"curies":[{"name":"wp","href":"https:\/\/api.w.org\/{rel}","templated":true}]}}