{"id":22919,"date":"2023-07-06T11:59:04","date_gmt":"2023-07-06T11:59:04","guid":{"rendered":"http:\/\/drillster.com\/design-principle-4-process-one-learning-element-per-question\/"},"modified":"2023-12-15T11:37:22","modified_gmt":"2023-12-15T11:37:22","slug":"principio-de-diseno-4-limita-cada-pregunta-a-un-elemento-de-informacion","status":"publish","type":"page","link":"https:\/\/drillster.com\/es\/principio-de-diseno-4-limita-cada-pregunta-a-un-elemento-de-informacion\/","title":{"rendered":"Principio de dise\u00f1o 4: limita cada pregunta a un elemento de informaci\u00f3n"},"content":{"rendered":"","protected":false},"excerpt":{"rendered":"","protected":false},"author":1,"featured_media":40435,"parent":0,"menu_order":0,"comment_status":"closed","ping_status":"closed","template":"","meta":{"inline_featured_image":false,"footnotes":""},"class_list":["post-22919","page","type-page","status-publish","has-post-thumbnail","hentry"],"yoast_head":"<!-- This site is optimized with the Yoast SEO plugin v24.8.1 - https:\/\/yoast.com\/wordpress\/plugins\/seo\/ -->\n<title>Principio de dise\u00f1o 4: limita cada pregunta a un elemento de informaci\u00f3n - Drillster<\/title>\n<meta name=\"description\" content=\"Las preguntas breves y precisas facilitan el aprendizaje adaptativo y la repetici\u00f3n espaciada. Aprende m\u00e1s aqu\u00ed.\" \/>\n<meta name=\"robots\" content=\"index, follow, max-snippet:-1, max-image-preview:large, max-video-preview:-1\" \/>\n<link rel=\"canonical\" href=\"https:\/\/drillster.com\/es\/principio-de-diseno-4-limita-cada-pregunta-a-un-elemento-de-informacion\/\" \/>\n<meta property=\"og:locale\" content=\"es_ES\" \/>\n<meta property=\"og:type\" content=\"article\" \/>\n<meta property=\"og:title\" content=\"Principio de dise\u00f1o 4: limita cada pregunta a un elemento de informaci\u00f3n - Drillster\" \/>\n<meta property=\"og:description\" content=\"Las preguntas breves y precisas facilitan el aprendizaje adaptativo y la repetici\u00f3n espaciada. Aprende m\u00e1s aqu\u00ed.\" \/>\n<meta property=\"og:url\" content=\"https:\/\/drillster.com\/es\/principio-de-diseno-4-limita-cada-pregunta-a-un-elemento-de-informacion\/\" \/>\n<meta property=\"og:site_name\" content=\"Drillster\" \/>\n<meta property=\"article:modified_time\" content=\"2023-12-15T11:37:22+00:00\" \/>\n<meta property=\"og:image\" content=\"https:\/\/drillster.com\/wp-content\/uploads\/2023\/07\/drillster-318.png\" \/>\n\t<meta property=\"og:image:width\" content=\"1080\" \/>\n\t<meta property=\"og:image:height\" content=\"1080\" \/>\n\t<meta property=\"og:image:type\" content=\"image\/png\" \/>\n<meta name=\"twitter:card\" content=\"summary_large_image\" \/>\n<meta name=\"twitter:label1\" content=\"Tiempo de lectura\" \/>\n\t<meta name=\"twitter:data1\" content=\"1 minuto\" \/>\n<script type=\"application\/ld+json\" class=\"yoast-schema-graph\">{\"@context\":\"https:\/\/schema.org\",\"@graph\":[{\"@type\":\"WebPage\",\"@id\":\"https:\/\/drillster.com\/es\/principio-de-diseno-4-limita-cada-pregunta-a-un-elemento-de-informacion\/\",\"url\":\"https:\/\/drillster.com\/es\/principio-de-diseno-4-limita-cada-pregunta-a-un-elemento-de-informacion\/\",\"name\":\"Principio de dise\u00f1o 4: limita cada pregunta a un elemento de informaci\u00f3n - Drillster\",\"isPartOf\":{\"@id\":\"https:\/\/drillster.com\/#website\"},\"primaryImageOfPage\":{\"@id\":\"https:\/\/drillster.com\/es\/principio-de-diseno-4-limita-cada-pregunta-a-un-elemento-de-informacion\/#primaryimage\"},\"image\":{\"@id\":\"https:\/\/drillster.com\/es\/principio-de-diseno-4-limita-cada-pregunta-a-un-elemento-de-informacion\/#primaryimage\"},\"thumbnailUrl\":\"https:\/\/drillster.com\/wp-content\/uploads\/2023\/07\/drillster-214.png\",\"datePublished\":\"2023-07-06T11:59:04+00:00\",\"dateModified\":\"2023-12-15T11:37:22+00:00\",\"description\":\"Las preguntas breves y precisas facilitan el aprendizaje adaptativo y la repetici\u00f3n espaciada. Aprende m\u00e1s aqu\u00ed.\",\"breadcrumb\":{\"@id\":\"https:\/\/drillster.com\/es\/principio-de-diseno-4-limita-cada-pregunta-a-un-elemento-de-informacion\/#breadcrumb\"},\"inLanguage\":\"es\",\"potentialAction\":[{\"@type\":\"ReadAction\",\"target\":[\"https:\/\/drillster.com\/es\/principio-de-diseno-4-limita-cada-pregunta-a-un-elemento-de-informacion\/\"]}]},{\"@type\":\"ImageObject\",\"inLanguage\":\"es\",\"@id\":\"https:\/\/drillster.com\/es\/principio-de-diseno-4-limita-cada-pregunta-a-un-elemento-de-informacion\/#primaryimage\",\"url\":\"https:\/\/drillster.com\/wp-content\/uploads\/2023\/07\/drillster-214.png\",\"contentUrl\":\"https:\/\/drillster.com\/wp-content\/uploads\/2023\/07\/drillster-214.png\",\"width\":1080,\"height\":1080},{\"@type\":\"BreadcrumbList\",\"@id\":\"https:\/\/drillster.com\/es\/principio-de-diseno-4-limita-cada-pregunta-a-un-elemento-de-informacion\/#breadcrumb\",\"itemListElement\":[{\"@type\":\"ListItem\",\"position\":1,\"name\":\"Home\",\"item\":\"https:\/\/drillster.com\/es\/\"},{\"@type\":\"ListItem\",\"position\":2,\"name\":\"Principio de dise\u00f1o 4: limita cada pregunta a un elemento de informaci\u00f3n\"}]},{\"@type\":\"WebSite\",\"@id\":\"https:\/\/drillster.com\/#website\",\"url\":\"https:\/\/drillster.com\/\",\"name\":\"Drillster\",\"description\":\"\",\"potentialAction\":[{\"@type\":\"SearchAction\",\"target\":{\"@type\":\"EntryPoint\",\"urlTemplate\":\"https:\/\/drillster.com\/?s={search_term_string}\"},\"query-input\":{\"@type\":\"PropertyValueSpecification\",\"valueRequired\":true,\"valueName\":\"search_term_string\"}}],\"inLanguage\":\"es\"}]}<\/script>\n<!-- \/ Yoast SEO plugin. -->","yoast_head_json":{"title":"Principio de dise\u00f1o 4: limita cada pregunta a un elemento de informaci\u00f3n - Drillster","description":"Las preguntas breves y precisas facilitan el aprendizaje adaptativo y la repetici\u00f3n espaciada. Aprende m\u00e1s aqu\u00ed.","robots":{"index":"index","follow":"follow","max-snippet":"max-snippet:-1","max-image-preview":"max-image-preview:large","max-video-preview":"max-video-preview:-1"},"canonical":"https:\/\/drillster.com\/es\/principio-de-diseno-4-limita-cada-pregunta-a-un-elemento-de-informacion\/","og_locale":"es_ES","og_type":"article","og_title":"Principio de dise\u00f1o 4: limita cada pregunta a un elemento de informaci\u00f3n - Drillster","og_description":"Las preguntas breves y precisas facilitan el aprendizaje adaptativo y la repetici\u00f3n espaciada. Aprende m\u00e1s aqu\u00ed.","og_url":"https:\/\/drillster.com\/es\/principio-de-diseno-4-limita-cada-pregunta-a-un-elemento-de-informacion\/","og_site_name":"Drillster","article_modified_time":"2023-12-15T11:37:22+00:00","og_image":[{"width":1080,"height":1080,"url":"https:\/\/drillster.com\/wp-content\/uploads\/2023\/07\/drillster-318.png","type":"image\/png"}],"twitter_card":"summary_large_image","twitter_misc":{"Tiempo de lectura":"1 minuto"},"schema":{"@context":"https:\/\/schema.org","@graph":[{"@type":"WebPage","@id":"https:\/\/drillster.com\/es\/principio-de-diseno-4-limita-cada-pregunta-a-un-elemento-de-informacion\/","url":"https:\/\/drillster.com\/es\/principio-de-diseno-4-limita-cada-pregunta-a-un-elemento-de-informacion\/","name":"Principio de dise\u00f1o 4: limita cada pregunta a un elemento de informaci\u00f3n - Drillster","isPartOf":{"@id":"https:\/\/drillster.com\/#website"},"primaryImageOfPage":{"@id":"https:\/\/drillster.com\/es\/principio-de-diseno-4-limita-cada-pregunta-a-un-elemento-de-informacion\/#primaryimage"},"image":{"@id":"https:\/\/drillster.com\/es\/principio-de-diseno-4-limita-cada-pregunta-a-un-elemento-de-informacion\/#primaryimage"},"thumbnailUrl":"https:\/\/drillster.com\/wp-content\/uploads\/2023\/07\/drillster-214.png","datePublished":"2023-07-06T11:59:04+00:00","dateModified":"2023-12-15T11:37:22+00:00","description":"Las preguntas breves y precisas facilitan el aprendizaje adaptativo y la repetici\u00f3n espaciada. Aprende m\u00e1s aqu\u00ed.","breadcrumb":{"@id":"https:\/\/drillster.com\/es\/principio-de-diseno-4-limita-cada-pregunta-a-un-elemento-de-informacion\/#breadcrumb"},"inLanguage":"es","potentialAction":[{"@type":"ReadAction","target":["https:\/\/drillster.com\/es\/principio-de-diseno-4-limita-cada-pregunta-a-un-elemento-de-informacion\/"]}]},{"@type":"ImageObject","inLanguage":"es","@id":"https:\/\/drillster.com\/es\/principio-de-diseno-4-limita-cada-pregunta-a-un-elemento-de-informacion\/#primaryimage","url":"https:\/\/drillster.com\/wp-content\/uploads\/2023\/07\/drillster-214.png","contentUrl":"https:\/\/drillster.com\/wp-content\/uploads\/2023\/07\/drillster-214.png","width":1080,"height":1080},{"@type":"BreadcrumbList","@id":"https:\/\/drillster.com\/es\/principio-de-diseno-4-limita-cada-pregunta-a-un-elemento-de-informacion\/#breadcrumb","itemListElement":[{"@type":"ListItem","position":1,"name":"Home","item":"https:\/\/drillster.com\/es\/"},{"@type":"ListItem","position":2,"name":"Principio de dise\u00f1o 4: limita cada pregunta a un elemento de informaci\u00f3n"}]},{"@type":"WebSite","@id":"https:\/\/drillster.com\/#website","url":"https:\/\/drillster.com\/","name":"Drillster","description":"","potentialAction":[{"@type":"SearchAction","target":{"@type":"EntryPoint","urlTemplate":"https:\/\/drillster.com\/?s={search_term_string}"},"query-input":{"@type":"PropertyValueSpecification","valueRequired":true,"valueName":"search_term_string"}}],"inLanguage":"es"}]}},"acf":[],"_links":{"self":[{"href":"https:\/\/drillster.com\/es\/wp-json\/wp\/v2\/pages\/22919","targetHints":{"allow":["GET"]}}],"collection":[{"href":"https:\/\/drillster.com\/es\/wp-json\/wp\/v2\/pages"}],"about":[{"href":"https:\/\/drillster.com\/es\/wp-json\/wp\/v2\/types\/page"}],"author":[{"embeddable":true,"href":"https:\/\/drillster.com\/es\/wp-json\/wp\/v2\/users\/1"}],"replies":[{"embeddable":true,"href":"https:\/\/drillster.com\/es\/wp-json\/wp\/v2\/comments?post=22919"}],"version-history":[{"count":24,"href":"https:\/\/drillster.com\/es\/wp-json\/wp\/v2\/pages\/22919\/revisions"}],"predecessor-version":[{"id":43916,"href":"https:\/\/drillster.com\/es\/wp-json\/wp\/v2\/pages\/22919\/revisions\/43916"}],"wp:featuredmedia":[{"embeddable":true,"href":"https:\/\/drillster.com\/es\/wp-json\/wp\/v2\/media\/40435"}],"wp:attachment":[{"href":"https:\/\/drillster.com\/es\/wp-json\/wp\/v2\/media?parent=22919"}],"curies":[{"name":"wp","href":"https:\/\/api.w.org\/{rel}","templated":true}]}}